{"id":980,"date":"2025-12-12T10:33:01","date_gmt":"2025-12-12T09:33:01","guid":{"rendered":"https:\/\/www.oblatcongo.org\/?page_id=980"},"modified":"2025-12-12T10:33:01","modified_gmt":"2025-12-12T09:33:01","slug":"contacts","status":"publish","type":"page","link":"https:\/\/www.oblatcongo.org\/index.php\/contacts\/","title":{"rendered":"Contacts"},"content":{"rendered":"\n<p class=\"has-large-font-size\">Pour nous \u00e9crire : <\/p>\n\n\n\n<p>                        <strong>info@oblatcongo.org<\/strong><\/p>\n\n\n\n<p class=\"has-medium-font-size\">Pour \u00e9crire \u00e0 l&rsquo;administration de la Province oblate de la R.D. Congo\/Angola<\/p>\n\n\n\n<p>                      <strong>apromicongo@gmail.com<\/strong><\/p>\n","protected":false},"excerpt":{"rendered":"<div class=\"mh-excerpt\"><p>Pour nous \u00e9crire : info@oblatcongo.org Pour \u00e9crire \u00e0 l&rsquo;administration de la Province oblate de la R.D. Congo\/Angola apromicongo@gmail.com<\/p>\n<\/div>","protected":false},"author":1,"featured_media":0,"parent":0,"menu_order":0,"comment_status":"closed","ping_status":"closed","template":"","meta":{"jetpack_post_was_ever_published":false,"footnotes":""},"class_list":["post-980","page","type-page","status-publish"],"jetpack_sharing_enabled":true,"_links":{"self":[{"href":"https:\/\/www.oblatcongo.org\/index.php\/wp-json\/wp\/v2\/pages\/980","targetHints":{"allow":["GET"]}}],"collection":[{"href":"https:\/\/www.oblatcongo.org\/index.php\/wp-json\/wp\/v2\/pages"}],"about":[{"href":"https:\/\/www.oblatcongo.org\/index.php\/wp-json\/wp\/v2\/types\/page"}],"author":[{"embeddable":true,"href":"https:\/\/www.oblatcongo.org\/index.php\/wp-json\/wp\/v2\/users\/1"}],"replies":[{"embeddable":true,"href":"https:\/\/www.oblatcongo.org\/index.php\/wp-json\/wp\/v2\/comments?post=980"}],"version-history":[{"count":1,"href":"https:\/\/www.oblatcongo.org\/index.php\/wp-json\/wp\/v2\/pages\/980\/revisions"}],"predecessor-version":[{"id":981,"href":"https:\/\/www.oblatcongo.org\/index.php\/wp-json\/wp\/v2\/pages\/980\/revisions\/981"}],"wp:attachment":[{"href":"https:\/\/www.oblatcongo.org\/index.php\/wp-json\/wp\/v2\/media?parent=980"}],"curies":[{"name":"wp","href":"https:\/\/api.w.org\/{rel}","templated":true}]}}