{"id":984,"date":"2025-12-12T11:23:15","date_gmt":"2025-12-12T10:23:15","guid":{"rendered":"https:\/\/www.oblatcongo.org\/?page_id=984"},"modified":"2025-12-12T11:24:53","modified_gmt":"2025-12-12T10:24:53","slug":"vocations","status":"publish","type":"page","link":"https:\/\/www.oblatcongo.org\/index.php\/vocations\/","title":{"rendered":"Vocations"},"content":{"rendered":"\n<p class=\"has-medium-font-size\">Pour nous rejoindre dans la congr\u00e9gation des Missionnaires Oblats de Marie Immacul\u00e9e comme pr\u00eatre (p\u00e8re) ou fr\u00e8re, en Angola ou en R\u00e9publique d\u00e9mocratique du Congo, \u00e9crivez au charg\u00e9 des vocations, le <strong>p\u00e8re Joseph Kalenga<\/strong> : <\/p>\n\n\n\n<p class=\"has-medium-font-size\">+243993340155<\/p>\n\n\n\n<p class=\"has-medium-font-size\">+243811284778<\/p>\n\n\n\n<p class=\"has-medium-font-size\">Pour devenir <strong>associ\u00e9 la\u00efc<\/strong> des Missionnaires Oblats en Angola ou en R\u00e9publique d\u00e9mocratique du Congo, \u00e9crivez \u00e0 <strong>Monsieur Louis Kitenge<\/strong> :<\/p>\n\n\n\n<p class=\"has-medium-font-size\">+243998224305<\/p>\n\n\n\n<p class=\"has-medium-font-size\">+243814458650<\/p>\n\n\n\n<p class=\"has-medium-font-size\"><\/p>\n\n\n\n<p><\/p>\n","protected":false},"excerpt":{"rendered":"<div class=\"mh-excerpt\"><p>Pour nous rejoindre dans la congr\u00e9gation des Missionnaires Oblats de Marie Immacul\u00e9e comme pr\u00eatre (p\u00e8re) ou fr\u00e8re, en Angola ou en R\u00e9publique d\u00e9mocratique du Congo, \u00e9crivez au charg\u00e9 des vocations, le p\u00e8re Joseph Kalenga : <a class=\"mh-excerpt-more\" href=\"https:\/\/www.oblatcongo.org\/index.php\/vocations\/\" title=\"Vocations\">[Lire plus]<\/a><\/p>\n<\/div>","protected":false},"author":1,"featured_media":0,"parent":0,"menu_order":0,"comment_status":"closed","ping_status":"closed","template":"","meta":{"jetpack_post_was_ever_published":false,"footnotes":""},"class_list":["post-984","page","type-page","status-publish"],"jetpack_sharing_enabled":true,"_links":{"self":[{"href":"https:\/\/www.oblatcongo.org\/index.php\/wp-json\/wp\/v2\/pages\/984","targetHints":{"allow":["GET"]}}],"collection":[{"href":"https:\/\/www.oblatcongo.org\/index.php\/wp-json\/wp\/v2\/pages"}],"about":[{"href":"https:\/\/www.oblatcongo.org\/index.php\/wp-json\/wp\/v2\/types\/page"}],"author":[{"embeddable":true,"href":"https:\/\/www.oblatcongo.org\/index.php\/wp-json\/wp\/v2\/users\/1"}],"replies":[{"embeddable":true,"href":"https:\/\/www.oblatcongo.org\/index.php\/wp-json\/wp\/v2\/comments?post=984"}],"version-history":[{"count":2,"href":"https:\/\/www.oblatcongo.org\/index.php\/wp-json\/wp\/v2\/pages\/984\/revisions"}],"predecessor-version":[{"id":987,"href":"https:\/\/www.oblatcongo.org\/index.php\/wp-json\/wp\/v2\/pages\/984\/revisions\/987"}],"wp:attachment":[{"href":"https:\/\/www.oblatcongo.org\/index.php\/wp-json\/wp\/v2\/media?parent=984"}],"curies":[{"name":"wp","href":"https:\/\/api.w.org\/{rel}","templated":true}]}}